{"id":412,"date":"2025-11-18T13:47:47","date_gmt":"2025-11-18T13:47:47","guid":{"rendered":"https:\/\/ilogs.care\/?page_id=412"},"modified":"2025-11-19T13:39:16","modified_gmt":"2025-11-19T13:39:16","slug":"james-app","status":"publish","type":"page","link":"https:\/\/ilogs.care\/fr\/produkte\/james-app\/","title":{"rendered":"Application JAMES"},"content":{"rendered":"<section class=\"bde-section-412-100 bde-section\">\n  \n  \n\t\n\n\n\n<div class=\"section-container\"><h1 class=\"bde-heading-412-101 bde-heading\">\nApplication JAMES\u00ae\n<\/h1><\/div>\n<\/section><section class=\"bde-section-412-109 bde-section\">\n  \n  \n\t\n\n\n\n<div class=\"section-container\"><div class=\"bde-columns-412-111 bde-columns\"><div class=\"bde-column-412-114 bde-column\">\n  \n  \n\t\n\n\n\n<div class=\"bde-rich-text-412-217 bde-rich-text breakdance-rich-text-styles\">\n<h2 dir=\"auto\">L'application pour les proches : proximit\u00e9 num\u00e9rique et transparence dans la prise en charge<\/h2><p dir=\"auto\">L'application JAMES\u00ae pour les proches est une application mobile conviviale (disponible pour iOS et Android) qui int\u00e8gre de mani\u00e8re transparente les membres de la famille dans le r\u00e9seau de soins professionnels. Elle permet une communication en temps r\u00e9el, un acc\u00e8s optionnel aux donn\u00e9es vitales et aux messages d'\u00e9tat, le tout dans le respect de la protection des donn\u00e9es et enti\u00e8rement int\u00e9gr\u00e9 \u00e0 la plateforme JAMES\u00ae TeleCare. En tant que solution B2B, l'application aide les organisations telles que les services d'appel d'urgence \u00e0 domicile, les \u00e9tablissements de soins et les organismes sociaux \u00e0 renforcer la fid\u00e9lit\u00e9 de leurs clients, \u00e0 all\u00e9ger leurs processus et \u00e0 proposer de nouveaux packs de services facturables, \u00e9volutifs, compatibles avec le white label et conformes au RGPD.<\/p>\n<\/div>\n<\/div><div class=\"bde-column-412-112 bde-column\">\n  \n  \n\t\n\n\n\n<div class=\"bde-image-412-113 bde-image\">\n<figure class=\"breakdance-image breakdance-image--291\">\n\t<div class=\"breakdance-image-container\">\n\t\t<div class=\"breakdance-image-clip\"><img loading=\"lazy\" decoding=\"async\" class=\"breakdance-image-object\" src=\"https:\/\/ilogs.care\/wp-content\/uploads\/2025\/10\/JAMES_app_phone3.webp\" width=\"1146\" height=\"2439\" srcset=\"https:\/\/ilogs.care\/wp-content\/uploads\/2025\/10\/JAMES_app_phone3.webp 1146w, https:\/\/ilogs.care\/wp-content\/uploads\/2025\/10\/JAMES_app_phone3-141x300.webp 141w, https:\/\/ilogs.care\/wp-content\/uploads\/2025\/10\/JAMES_app_phone3-481x1024.webp 481w, https:\/\/ilogs.care\/wp-content\/uploads\/2025\/10\/JAMES_app_phone3-768x1635.webp 768w, https:\/\/ilogs.care\/wp-content\/uploads\/2025\/10\/JAMES_app_phone3-722x1536.webp 722w, https:\/\/ilogs.care\/wp-content\/uploads\/2025\/10\/JAMES_app_phone3-962x2048.webp 962w, https:\/\/ilogs.care\/wp-content\/uploads\/2025\/10\/JAMES_app_phone3-6x12.webp 6w\" sizes=\"auto, (max-width: 1146px) 100vw, 1146px\"><\/div>\n\t<\/div><\/figure>\n\n<\/div>\n<\/div><\/div><\/div>\n<\/section><section class=\"bde-section-412-116 bde-section\">\n  \n  \n\t\n\n\n\n<div class=\"section-container\"><h2 class=\"bde-heading-412-119 bde-heading\">\nUtilisable \u00e0 l'\u00e9chelle internationale et \u00e9volutif\n<\/h2><div class=\"bde-columns-412-117 bde-columns\"><div class=\"bde-column-412-121 bde-column\">\n  \n  \n\t\n\n\n\n<div class=\"bde-image-412-122 bde-image\">\n<figure class=\"breakdance-image breakdance-image--365\">\n\t<div class=\"breakdance-image-container\">\n\t\t<div class=\"breakdance-image-clip\"><img loading=\"lazy\" decoding=\"async\" class=\"breakdance-image-object\" src=\"https:\/\/ilogs.care\/wp-content\/uploads\/2025\/10\/ilogs_europe.webp\" width=\"1213\" height=\"1680\" srcset=\"https:\/\/ilogs.care\/wp-content\/uploads\/2025\/10\/ilogs_europe.webp 1213w, https:\/\/ilogs.care\/wp-content\/uploads\/2025\/10\/ilogs_europe-217x300.webp 217w, https:\/\/ilogs.care\/wp-content\/uploads\/2025\/10\/ilogs_europe-739x1024.webp 739w, https:\/\/ilogs.care\/wp-content\/uploads\/2025\/10\/ilogs_europe-768x1064.webp 768w, https:\/\/ilogs.care\/wp-content\/uploads\/2025\/10\/ilogs_europe-1109x1536.webp 1109w, https:\/\/ilogs.care\/wp-content\/uploads\/2025\/10\/ilogs_europe-9x12.webp 9w\" sizes=\"auto, (max-width: 1213px) 100vw, 1213px\"><\/div>\n\t<\/div><\/figure>\n\n<\/div>\n<\/div><div class=\"bde-column-412-118 bde-column\">\n  \n  \n\t\n\n\n\n<div class=\"bde-text-412-120 bde-text\">\nL'application JAMES\u00ae est multilingue, multi-clients et d\u00e9j\u00e0 utilis\u00e9e avec succ\u00e8s en Autriche, en Allemagne, en Suisse, en Espagne, en Grande-Bretagne, aux Pays-Bas, en Pologne et en Belgique, avec des milliers d'utilisateurs actifs. Gr\u00e2ce \u00e0 des API ouvertes, elle s'int\u00e8gre de mani\u00e8re flexible dans les syst\u00e8mes existants (CRM, ERP, facturation) et convient aussi bien aux petites organisations qu'aux grands r\u00e9seaux internationaux.\n<\/div>\n<\/div><\/div><div class=\"bde-fancy-container-412-179 bde-fancy-container\">\n  \n  \n\t\n\n\n\n<div class=\"bde-div-412-180 bde-div\">\n  \n  \n\t\n\n\n\n<h4 class=\"bde-heading-412-181 bde-heading\">\nInnovations\n<\/h4><div class=\"bde-blockquote-412-195 bde-blockquote\">\n      <p class=\"inline-text_blockquote-icon\"><span class=\"blockquote-icon\"><svg xmlns=\"http:\/\/www.w3.org\/2000\/svg\" viewbox=\"0 0 448 512\"><!--! Font Awesome Free 6.5.1 by @fontawesome - https:\/\/fontawesome.com License - https:\/\/fontawesome.com\/license\/free (Icons: CC BY 4.0, Fonts: SIL OFL 1.1, Code: MIT License) Copyright 2023 Fonticons, Inc. --><path d=\"M246.6 41.4c-12.5-12.5-32.8-12.5-45.3 0l-160 160c-12.5 12.5-12.5 32.8 0 45.3s32.8 12.5 45.3 0L224 109.3 361.4 246.6c12.5 12.5 32.8 12.5 45.3 0s12.5-32.8 0-45.3l-160-160zm160 352l-160-160c-12.5-12.5-32.8-12.5-45.3 0l-160 160c-12.5 12.5-12.5 32.8 0 45.3s32.8 12.5 45.3 0L224 301.3 361.4 438.6c12.5 12.5 32.8 12.5 45.3 0s12.5-32.8 0-45.3z\"\/><\/svg><\/span>Prot\u00e9ger - et anticiper<\/p>\n  \n<\/div><div class=\"bde-rich-text-412-128 bde-rich-text breakdance-rich-text-styles\">\n<p class=\"whitespace-normal break-words\">Les montres JAMES sont bas\u00e9es sur un concept de logiciel et de mat\u00e9riel perfectionn\u00e9 de mani\u00e8re cons\u00e9quente. L'\u00e9quipe d'ilogs a d\u00e9velopp\u00e9 elle-m\u00eame le logiciel du syst\u00e8me : firmware programm\u00e9 individuellement, mises \u00e0 jour OTA stables (over-the-air), interfaces utilisateur configurables et connexion transparente \u00e0 la plateforme James TeleCare et aux centrales d'appel.<\/p><p class=\"whitespace-normal break-words\"><strong>Parmi les fonctions innovantes, on trouve notamment<\/strong><\/p><ul class=\"[&amp;:not(:last-child)_ul]:pb-1 [&amp;:not(:last-child)_ol]:pb-1 list-disc space-y-1.5 pl-7\"><li class=\"whitespace-normal break-words\">Communication vocale bidirectionnelle avec la centrale d'alarme ou les proches<\/li><li class=\"whitespace-normal break-words\">Localisation GPS+LBS+WLAN pour une localisation pr\u00e9cise - m\u00eame dans les b\u00e2timents<\/li><li class=\"whitespace-normal break-words\">D\u00e9tection des chutes par intelligence algorithmique<\/li><li class=\"whitespace-normal break-words\">Int\u00e9gration des param\u00e8tres vitaux (fr\u00e9quence cardiaque, mouvement, sommeil)<\/li><li class=\"whitespace-normal break-words\">SMS de secours en cas de perte de r\u00e9seau - message d'urgence automatis\u00e9 via SMS \u00e0 des contacts d\u00e9finis<\/li><li class=\"whitespace-normal break-words\">Options de g\u00e9ofencing pour la protection contre les fugues (prise en charge de la d\u00e9mence)<\/li><li class=\"whitespace-normal break-words\">Surveillance silencieuse &amp; configuration \u00e0 distance pour le personnel soignant &amp; les administrateurs<\/li><\/ul><p class=\"whitespace-normal break-words\">Ces fonctions ne sont pas statiques, mais peuvent \u00eatre \u00e9tendues en permanence. ilogs maintient un cycle de d\u00e9veloppement logiciel continu avec des mises \u00e0 jour de fonctionnalit\u00e9s, des correctifs de s\u00e9curit\u00e9 et des am\u00e9liorations bas\u00e9es sur les commentaires des clients et la recherche.<\/p>\n<\/div>\n<\/div><div class=\"bde-div-412-183 bde-div\">\n  \n  \n\t\n\n\n\n<h4 class=\"bde-heading-412-184 bde-heading\">\n\u00c9prouv\u00e9 et durable\n<\/h4><div class=\"bde-blockquote-412-196 bde-blockquote\">\n      <p class=\"inline-text_blockquote-icon\"><span class=\"blockquote-icon\"><svg xmlns=\"http:\/\/www.w3.org\/2000\/svg\" viewbox=\"0 0 448 512\"><!--! Font Awesome Free 6.5.1 by @fontawesome - https:\/\/fontawesome.com License - https:\/\/fontawesome.com\/license\/free (Icons: CC BY 4.0, Fonts: SIL OFL 1.1, Code: MIT License) Copyright 2023 Fonticons, Inc. --><path d=\"M246.6 41.4c-12.5-12.5-32.8-12.5-45.3 0l-160 160c-12.5 12.5-12.5 32.8 0 45.3s32.8 12.5 45.3 0L224 109.3 361.4 246.6c12.5 12.5 32.8 12.5 45.3 0s12.5-32.8 0-45.3l-160-160zm160 352l-160-160c-12.5-12.5-32.8-12.5-45.3 0l-160 160c-12.5 12.5-12.5 32.8 0 45.3s32.8 12.5 45.3 0L224 301.3 361.4 438.6c12.5 12.5 32.8 12.5 45.3 0s12.5-32.8 0-45.3z\"\/><\/svg><\/span>10 ans d'exp\u00e9rience<\/p>\n  \n<\/div><div class=\"bde-rich-text-412-132 bde-rich-text breakdance-rich-text-styles\">\n<p class=\"whitespace-normal break-words\">Avec sa ligne de produits \u201emontres d'appel d'urgence JAMES\", Ilogs peut se targuer de plus d'une d\u00e9cennie de d\u00e9veloppement, d'impl\u00e9mentation et de perfectionnement r\u00e9ussis. Alors que de nombreux concurrents commercialisent des solutions mat\u00e9rielles \u00e0 court terme, ilogs adopte une approche de plateforme durable : appareils \u00e0 longue dur\u00e9e de vie, logiciel extensible, infrastructure compatible.<\/p><p class=\"whitespace-normal break-words\"><strong>Chez ilogs, durabilit\u00e9 signifie<\/strong><\/p><ul class=\"[&amp;:not(:last-child)_ul]:pb-1 [&amp;:not(:last-child)_ol]:pb-1 list-disc space-y-1.5 pl-7\"><li class=\"whitespace-normal break-words\">G\u00e9n\u00e9rations d'appareils avec une longue dur\u00e9e de vie du produit<\/li><li class=\"whitespace-normal break-words\">R\u00e9parabilit\u00e9 &amp; capacit\u00e9 de mise \u00e0 jour pendant des ann\u00e9es<\/li><li class=\"whitespace-normal break-words\">R\u00e9duction du mat\u00e9riel \u00e0 usage unique gr\u00e2ce \u00e0 la r\u00e9utilisation<\/li><li class=\"whitespace-normal break-words\">Conceptions \u00e9conomes en \u00e9nergie et cycles de charge optimis\u00e9s<\/li><li class=\"whitespace-normal break-words\">Modularit\u00e9 pour \u00e9voluer avec les besoins changeants des utilisateurs<\/li><\/ul><p class=\"whitespace-normal break-words\">Cette philosophie fait de JAMES une solution d'avenir, tant sur le plan \u00e9conomique qu'\u00e9cologique.<\/p>\n<\/div>\n<\/div><div class=\"bde-div-412-197 bde-div\">\n  \n  \n\t\n\n\n\n<h4 class=\"bde-heading-412-198 bde-heading\">\nComp\u00e9tence\n<\/h4><div class=\"bde-blockquote-412-199 bde-blockquote\">\n      <p class=\"inline-text_blockquote-icon\"><span class=\"blockquote-icon\"><svg xmlns=\"http:\/\/www.w3.org\/2000\/svg\" viewbox=\"0 0 448 512\"><!--! Font Awesome Free 6.5.1 by @fontawesome - https:\/\/fontawesome.com License - https:\/\/fontawesome.com\/license\/free (Icons: CC BY 4.0, Fonts: SIL OFL 1.1, Code: MIT License) Copyright 2023 Fonticons, Inc. --><path d=\"M246.6 41.4c-12.5-12.5-32.8-12.5-45.3 0l-160 160c-12.5 12.5-12.5 32.8 0 45.3s32.8 12.5 45.3 0L224 109.3 361.4 246.6c12.5 12.5 32.8 12.5 45.3 0s12.5-32.8 0-45.3l-160-160zm160 352l-160-160c-12.5-12.5-32.8-12.5-45.3 0l-160 160c-12.5 12.5-12.5 32.8 0 45.3s32.8 12.5 45.3 0L224 301.3 361.4 438.6c12.5 12.5 32.8 12.5 45.3 0s12.5-32.8 0-45.3z\"\/><\/svg><\/span>Des logiciels de premi\u00e8re main<\/p>\n  \n<\/div><div class=\"bde-rich-text-412-138 bde-rich-text breakdance-rich-text-styles\">\n<p class=\"whitespace-normal break-words\">Ce qui rend ilogs sp\u00e9cial, ce n'est pas seulement le mat\u00e9riel, mais la profonde comp\u00e9tence informatique qui le sous-tend. En tant qu'entreprise de logiciels sp\u00e9cialis\u00e9e dans les solutions eHealth, IoT et de s\u00e9curit\u00e9, ilogs d\u00e9veloppe elle-m\u00eame tous les composants de la plateforme, les interfaces de communication et les logiciels des appareils.<\/p><p class=\"whitespace-normal break-words\"><strong>Cela permet<\/strong><\/p><ul class=\"[&amp;:not(:last-child)_ul]:pb-1 [&amp;:not(:last-child)_ol]:pb-1 list-disc space-y-1.5 pl-7\"><li class=\"whitespace-normal break-words\">adaptations sur mesure pour les partenaires (marque blanche)<\/li><li class=\"whitespace-normal break-words\">des r\u00e9actions rapides aux changements du march\u00e9<\/li><li class=\"whitespace-normal break-words\">contr\u00f4le total sur la protection et la s\u00e9curit\u00e9 des donn\u00e9es<\/li><li class=\"whitespace-normal break-words\">Int\u00e9grations avec des fournisseurs tiers &amp; des centrales d'appel<\/li><li class=\"whitespace-normal break-words\">couplage transparent avec d'autres produits James (tablette, APP pour les proches, outils de distribution)<\/li><\/ul>\n<\/div>\n<\/div><div class=\"bde-div-412-202 bde-div\">\n  \n  \n\t\n\n\n\n<h4 class=\"bde-heading-412-203 bde-heading\">\nTourn\u00e9 vers l'avenir\n<\/h4><div class=\"bde-blockquote-412-204 bde-blockquote\">\n      <p class=\"inline-text_blockquote-icon\"><span class=\"blockquote-icon\"><svg xmlns=\"http:\/\/www.w3.org\/2000\/svg\" viewbox=\"0 0 448 512\"><!--! Font Awesome Free 6.5.1 by @fontawesome - https:\/\/fontawesome.com License - https:\/\/fontawesome.com\/license\/free (Icons: CC BY 4.0, Fonts: SIL OFL 1.1, Code: MIT License) Copyright 2023 Fonticons, Inc. --><path d=\"M246.6 41.4c-12.5-12.5-32.8-12.5-45.3 0l-160 160c-12.5 12.5-12.5 32.8 0 45.3s32.8 12.5 45.3 0L224 109.3 361.4 246.6c12.5 12.5 32.8 12.5 45.3 0s12.5-32.8 0-45.3l-160-160zm160 352l-160-160c-12.5-12.5-32.8-12.5-45.3 0l-160 160c-12.5 12.5-12.5 32.8 0 45.3s32.8 12.5 45.3 0L224 301.3 361.4 438.6c12.5 12.5 32.8 12.5 45.3 0s12.5-32.8 0-45.3z\"\/><\/svg><\/span>Apportez votre propre appareil (BYOD)<\/p>\n  \n<\/div><div class=\"bde-rich-text-412-144 bde-rich-text breakdance-rich-text-styles\">\n<p class=\"whitespace-normal break-words\">La plateforme JAMES d'Ilogs n'est pas seulement con\u00e7ue pour des montres personnelles, mais aussi pour un avenir ouvert. Gr\u00e2ce \u00e0 l'approche Bring Your Own Device (BYOD), des appareils tiers tels que des smartwatches, des bagues intelligentes ou des smartphones pourront \u00e0 l'avenir \u00eatre int\u00e9gr\u00e9s dans le syst\u00e8me de s\u00e9curit\u00e9 - tout en conservant toutes les fonctions d'alarme, de communication et de localisation.<\/p><p class=\"whitespace-normal break-words\"><strong>Cela signifie que<\/strong> Les organisations et les utilisateurs b\u00e9n\u00e9ficient d'une flexibilit\u00e9 maximale dans le choix de leurs terminaux - sans pour autant devoir renoncer \u00e0 la s\u00e9curit\u00e9 et \u00e0 l'int\u00e9gration de plateforme \u00e9prouv\u00e9es de JAMES.<\/p>\n<\/div>\n<\/div><div class=\"bde-div-412-206 bde-div\">\n  \n  \n\t\n\n\n\n<h4 class=\"bde-heading-412-207 bde-heading\">\nUn design \u00e9l\u00e9gant\n<\/h4><div class=\"bde-blockquote-412-208 bde-blockquote\">\n      <p class=\"inline-text_blockquote-icon\"><span class=\"blockquote-icon\"><svg xmlns=\"http:\/\/www.w3.org\/2000\/svg\" viewbox=\"0 0 448 512\"><!--! Font Awesome Free 6.5.1 by @fontawesome - https:\/\/fontawesome.com License - https:\/\/fontawesome.com\/license\/free (Icons: CC BY 4.0, Fonts: SIL OFL 1.1, Code: MIT License) Copyright 2023 Fonticons, Inc. --><path d=\"M246.6 41.4c-12.5-12.5-32.8-12.5-45.3 0l-160 160c-12.5 12.5-12.5 32.8 0 45.3s32.8 12.5 45.3 0L224 109.3 361.4 246.6c12.5 12.5 32.8 12.5 45.3 0s12.5-32.8 0-45.3l-160-160zm160 352l-160-160c-12.5-12.5-32.8-12.5-45.3 0l-160 160c-12.5 12.5-12.5 32.8 0 45.3s32.8 12.5 45.3 0L224 301.3 361.4 438.6c12.5 12.5 32.8 12.5 45.3 0s12.5-32.8 0-45.3z\"\/><\/svg><\/span>Intuitif &amp; adapt\u00e9 \u00e0 l'\u00e2ge<\/p>\n  \n<\/div><div class=\"bde-rich-text-412-150 bde-rich-text breakdance-rich-text-styles\">\n<p class=\"whitespace-normal break-words\">Une montre d'appel d'urgence doit \u00eatre fonctionnelle - mais aussi vouloir \u00eatre port\u00e9e. Les montres JAMES allient technique et style : un design moderne et fin, un \u00e9cran bien lisible, des touches intuitives, une utilisation simple - sp\u00e9cialement con\u00e7ues pour r\u00e9pondre aux besoins des personnes \u00e2g\u00e9es ou des personnes dont les capacit\u00e9s motrices sont r\u00e9duites.<\/p><p class=\"whitespace-normal break-words\"><strong>Avantages pour les utilisateurs finaux :<\/strong><\/p><ul class=\"[&amp;:not(:last-child)_ul]:pb-1 [&amp;:not(:last-child)_ol]:pb-1 list-disc space-y-1.5 pl-7\"><li class=\"whitespace-normal break-words\">Confort de port &amp; aptitude \u00e0 l'usage quotidien<\/li><li class=\"whitespace-normal break-words\">Interface claire avec de grandes ic\u00f4nes<\/li><li class=\"whitespace-normal break-words\">Visuellement attrayant - non stigmatisant<\/li><li class=\"whitespace-normal break-words\">R\u00e9sistant \u00e0 l'eau (IP67), robuste mais l\u00e9ger<\/li><li class=\"whitespace-normal break-words\">Cadrans &amp; menus personnalisables<\/li><\/ul><p class=\"whitespace-normal break-words\">Cette facilit\u00e9 d'utilisation favorise l'acceptation par les utilisateurs finaux et minimise les besoins de formation des organisations.<\/p>\n<\/div>\n<\/div><div class=\"bde-div-412-210 bde-div\">\n  \n  \n\t\n\n\n\n<h4 class=\"bde-heading-412-211 bde-heading\">\nLa s\u00e9curit\u00e9 \u00e0 tous les niveaux\n<\/h4><div class=\"bde-rich-text-412-156 bde-rich-text breakdance-rich-text-styles\">\n<p class=\"whitespace-normal break-words\">Les montres d'appel d'urgence JAMES offrent des fonctions de s\u00e9curit\u00e9 redondantes qui vont bien au-del\u00e0 des standards des syst\u00e8mes traditionnels :<\/p><ul class=\"[&amp;:not(:last-child)_ul]:pb-1 [&amp;:not(:last-child)_ol]:pb-1 list-disc space-y-1.5 pl-7\"><li class=\"whitespace-normal break-words\">SMS de rappel en l'absence de connexion de donn\u00e9es<\/li><li class=\"whitespace-normal break-words\">Alarmes stock\u00e9es temporairement en local et transmises automatiquement au retour du secteur<\/li><li class=\"whitespace-normal break-words\">Cryptage de bout en bout de tous les canaux de communication<\/li><li class=\"whitespace-normal break-words\">Logiques d'escalade automatique en cas de non-r\u00e9action<\/li><li class=\"whitespace-normal break-words\">Localisation et transfert d'appel en mode arri\u00e8re-plan<\/li><\/ul><p class=\"whitespace-normal break-words\">En combinaison avec la plate-forme James, une protection fiable 24h\/24 et 7j\/7 est possible, quel que soit l'endroit o\u00f9 se trouve le porteur.<\/p>\n<\/div>\n<\/div><div class=\"bde-div-412-214 bde-div\">\n  \n  \n\t\n\n\n\n<h4 class=\"bde-heading-412-215 bde-heading\">\nId\u00e9al pour les organisations et les partenaires\n<\/h4><div class=\"bde-rich-text-412-162 bde-rich-text breakdance-rich-text-styles\">\n<p class=\"whitespace-normal break-words\">Les montres d'appel d'urgence JAMES sont enti\u00e8rement pr\u00e9par\u00e9es pour \u00eatre int\u00e9gr\u00e9es dans des processus professionnels :<\/p><ul class=\"[&amp;:not(:last-child)_ul]:pb-1 [&amp;:not(:last-child)_ol]:pb-1 list-disc space-y-1.5 pl-7\"><li class=\"whitespace-normal break-words\">Connexion \u00e0 des centrales d'appel (comme la Croix-Rouge allemande, ASB, Johanniter, etc.)<\/li><li class=\"whitespace-normal break-words\">Gestion via le portail web &amp; les API restantes<\/li><li class=\"whitespace-normal break-words\">Aper\u00e7u de l'\u00e9tat, maintenance et configuration \u00e0 distance<\/li><\/ul><p class=\"whitespace-normal break-words\">Qu'il s'agisse d'une organisation de soins, d'un prestataire de services d'urgence \u00e0 domicile ou d'un service de s\u00e9curit\u00e9, les horloges s'int\u00e8grent dans des processus de travail individuels et facilitent la gestion de grands groupes d'utilisateurs.<\/p>\n<\/div>\n<\/div>\n<\/div><h2 class=\"bde-heading-412-167 bde-heading\">\nConclusion\n<\/h2><div class=\"bde-rich-text-412-178 bde-rich-text breakdance-rich-text-styles\">\n<p dir=\"auto\">L'application JAMES\u00ae cr\u00e9e une v\u00e9ritable proximit\u00e9 num\u00e9rique : elle relie les familles sur le plan \u00e9motionnel et soulage les organisations sur le plan op\u00e9rationnel. En tant que partie int\u00e9grante de la plateforme JAMES\u00ae TeleCare, elle positionne les partenaires B2B comme des prestataires de services innovants et orient\u00e9s vers le client dans un paysage de soins de plus en plus interconnect\u00e9. Que ce soit en compl\u00e9ment d'un syst\u00e8me d'appel d'urgence \u00e0 domicile, dans le domaine des soins ou de l'aide \u00e0 domicile, l'application transforme la technologie en v\u00e9ritable prise en charge.<\/p><p dir=\"auto\"><strong>Contactez-nous pour une d\u00e9monstration personnalis\u00e9e, une personnalisation en marque blanche ou une int\u00e9gration dans vos syst\u00e8mes existants. Nous vous accompagnons dans le d\u00e9ploiement dans un esprit de partenariat.<\/strong><\/p>\n<\/div><\/div>\n<\/section><section class=\"bde-section-412-171 bde-section\">\n  \n  \n\t\n\n\n\n<div class=\"section-container\"><div class=\"bde-columns-412-172 bde-columns\"><div class=\"bde-column-412-173 bde-column\">\n  \n  \n\t\n\n\n\n<h2 class=\"bde-heading-412-174 bde-heading\">\nVers la plateforme James\u00ae TeleCare\n<\/h2>\n<\/div><div class=\"bde-column-412-175 bde-column\">\n  \n  \n\t\n\n\n\n<div class=\"bde-button-412-176 bde-button\">\n    \n                                    \n    \n    \n    \n    \n            \n            <button type=\"button\" class=\"button-atom button-atom--secondary bde-button__button\"  >\n    \n        <span class=\"button-atom__text\">Vers la plate-forme<\/span>\n\n        \n        \n            <\/button>\n    \n\n\n<\/div>\n<\/div><\/div><h4 class=\"bde-heading-412-177 bde-heading\">\nToutes les informations sur notre plateforme bas\u00e9e sur le cloud pour les organisations professionnelles\n<\/h4><\/div>\n<\/section>","protected":false},"excerpt":{"rendered":"<p>JAMES\u00ae App Die App f\u00fcr Angeh\u00f6rige: Digitale N\u00e4he und Transparenz in der BetreuungDie JAMES\u00ae App f\u00fcr Angeh\u00f6rige ist eine benutzerfreundliche Mobile-Anwendung (verf\u00fcgbar f\u00fcr iOS und Android), die Familienmitglieder nahtlos in das professionelle Betreuungsnetzwerk einbindet. Sie erm\u00f6glicht Echtzeit-Kommunikation, optionalen Zugang zu Vitaldaten und Statusmeldungen \u2013 alles datenschutzkonform und vollst\u00e4ndig integriert in die JAMES\u00ae TeleCare Plattform. Als [&hellip;]<\/p>","protected":false},"author":1,"featured_media":0,"parent":64,"menu_order":0,"comment_status":"closed","ping_status":"closed","template":"","meta":{"_breakdance_hide_in_design_set":false,"_breakdance_tags":"","footnotes":""},"class_list":["post-412","page","type-page","status-publish","hentry"],"_links":{"self":[{"href":"https:\/\/ilogs.care\/fr\/wp-json\/wp\/v2\/pages\/412","targetHints":{"allow":["GET"]}}],"collection":[{"href":"https:\/\/ilogs.care\/fr\/wp-json\/wp\/v2\/pages"}],"about":[{"href":"https:\/\/ilogs.care\/fr\/wp-json\/wp\/v2\/types\/page"}],"author":[{"embeddable":true,"href":"https:\/\/ilogs.care\/fr\/wp-json\/wp\/v2\/users\/1"}],"replies":[{"embeddable":true,"href":"https:\/\/ilogs.care\/fr\/wp-json\/wp\/v2\/comments?post=412"}],"version-history":[{"count":2,"href":"https:\/\/ilogs.care\/fr\/wp-json\/wp\/v2\/pages\/412\/revisions"}],"predecessor-version":[{"id":427,"href":"https:\/\/ilogs.care\/fr\/wp-json\/wp\/v2\/pages\/412\/revisions\/427"}],"up":[{"embeddable":true,"href":"https:\/\/ilogs.care\/fr\/wp-json\/wp\/v2\/pages\/64"}],"wp:attachment":[{"href":"https:\/\/ilogs.care\/fr\/wp-json\/wp\/v2\/media?parent=412"}],"curies":[{"name":"wp","href":"https:\/\/api.w.org\/{rel}","templated":true}]}}