{"id":358,"date":"2025-10-27T06:41:14","date_gmt":"2025-10-27T06:41:14","guid":{"rendered":"https:\/\/ilogs.care\/?page_id=358"},"modified":"2025-10-27T08:55:56","modified_gmt":"2025-10-27T08:55:56","slug":"impressum","status":"publish","type":"page","link":"https:\/\/ilogs.care\/fr\/impressum\/","title":{"rendered":"Mentions l\u00e9gales"},"content":{"rendered":"<section class=\"bde-section-358-113 bde-section\">\n  \n  \n\t\n\n\n\n<div class=\"section-container\"><h1 class=\"bde-heading-358-114 bde-heading\">\nMentions l\u00e9gales\n<\/h1><\/div>\n<\/section><section class=\"bde-section-358-197 bde-section\">\n  \n  \n\t\n\n\n\n<div class=\"section-container\"><div class=\"bde-columns-358-199 bde-columns\"><div class=\"bde-column-358-200 bde-column\">\n  \n  \n\t\n\n\n\n<div class=\"bde-rich-text-358-201 bde-rich-text breakdance-rich-text-styles\">\n<p>Informations conform\u00e9ment au \u00a7 5 (1) de la loi sur le commerce \u00e9lectronique<br \/>Publication selon les \u00a7\u00a7 24, 25 de la loi sur les m\u00e9dias<br \/><br \/><strong>Propri\u00e9taire du m\u00e9dia, \u00e9diteur et fabricant :<\/strong><br \/><strong><br \/>ilogs healthcare GmbH<\/strong><br \/>Couronne Place 1\/ Top 2<br \/>A-9020 Klagenfurt am W\u00f6rthersee (Autriche)<br \/>AUTRICHE \/ AUSTRIA<strong><br \/><\/strong><br \/><strong>Num\u00e9ro du registre du commerce :<\/strong> 481242i<br \/><strong>Tribunal du registre du commerce :<\/strong> Tribunal r\u00e9gional de Klagenfurt<br \/><strong>Num\u00e9ro d'identification de la taxe sur la valeur ajout\u00e9e :<\/strong> ATU72724778<br \/><strong>Appartenance \u00e0 une chambre :<\/strong> Chambre \u00e9conomique de Carinthie<br \/><strong>Objet de l'entreprise :<\/strong> Services informatiques<br \/><strong>Directeur g\u00e9n\u00e9ral :<\/strong> Dr. Walter Liebhart<\/p>\n<\/div>\n<\/div><div class=\"bde-column-358-202 bde-column\">\n  \n  \n\t\n\n\n\n\n<\/div><\/div><\/div>\n<\/section>","protected":false},"excerpt":{"rendered":"<p>Mentions l\u00e9gales Informations selon \u00a7 5 (1) de la loi sur le commerce \u00e9lectroniquePublication selon \u00a7\u00a7 24, 25 de la loi sur les m\u00e9diasPropri\u00e9taire du m\u00e9dia, \u00e9diteur et fabricant:ilogs healthcare GmbHKrone Platz 1\/ Top 2A-9020 Klagenfurt am W\u00f6rthersee\u00d6STERREICH \/ AUSTRIANum\u00e9ro d'enregistrement de l'entreprise : 481242iTribunal du registre des entreprises : Tribunal r\u00e9gional de KlagenfurtNum\u00e9ro d'identification TVA : ATU72724778Appartenance \u00e0 la chambre : Chambre de commerce de CarinthieObjet de l'entreprise : services informatiquesG\u00e9rant : Dr. Walter Liebhart<\/p>","protected":false},"author":1,"featured_media":0,"parent":0,"menu_order":0,"comment_status":"closed","ping_status":"closed","template":"","meta":{"_breakdance_hide_in_design_set":false,"_breakdance_tags":"","footnotes":""},"class_list":["post-358","page","type-page","status-publish","hentry"],"_links":{"self":[{"href":"https:\/\/ilogs.care\/fr\/wp-json\/wp\/v2\/pages\/358","targetHints":{"allow":["GET"]}}],"collection":[{"href":"https:\/\/ilogs.care\/fr\/wp-json\/wp\/v2\/pages"}],"about":[{"href":"https:\/\/ilogs.care\/fr\/wp-json\/wp\/v2\/types\/page"}],"author":[{"embeddable":true,"href":"https:\/\/ilogs.care\/fr\/wp-json\/wp\/v2\/users\/1"}],"replies":[{"embeddable":true,"href":"https:\/\/ilogs.care\/fr\/wp-json\/wp\/v2\/comments?post=358"}],"version-history":[{"count":3,"href":"https:\/\/ilogs.care\/fr\/wp-json\/wp\/v2\/pages\/358\/revisions"}],"predecessor-version":[{"id":361,"href":"https:\/\/ilogs.care\/fr\/wp-json\/wp\/v2\/pages\/358\/revisions\/361"}],"wp:attachment":[{"href":"https:\/\/ilogs.care\/fr\/wp-json\/wp\/v2\/media?parent=358"}],"curies":[{"name":"wp","href":"https:\/\/api.w.org\/{rel}","templated":true}]}}