{"id":22,"date":"2025-07-29T13:28:26","date_gmt":"2025-07-29T13:28:26","guid":{"rendered":"https:\/\/ilogs.care\/?page_id=22"},"modified":"2025-10-29T07:02:41","modified_gmt":"2025-10-29T07:02:41","slug":"kontakt","status":"publish","type":"page","link":"https:\/\/ilogs.care\/fr\/kontakt\/","title":{"rendered":"Contact"},"content":{"rendered":"<section class=\"bde-section-22-113 bde-section\">\n  \n  \n\t\n\n\n\n<div class=\"section-container\"><h1 class=\"bde-heading-22-114 bde-heading\">\nContact\n<\/h1><\/div>\n<\/section><section class=\"bde-section-22-104 bde-section\">\n  \n  \n\t\n\n\n\n<div class=\"section-container\"><div class=\"bde-columns-22-105 bde-columns\"><div class=\"bde-column-22-106 bde-column\">\n  \n  \n\t\n\n\n\n<h2 class=\"bde-heading-22-108 bde-heading\">\nilogs healthcare \n<\/h2><div class=\"bde-text-22-109 bde-text\">\nAutriche, si\u00e8ge social\n<\/div>\n<\/div><div class=\"bde-column-22-107 bde-column\">\n  \n  \n\t\n\n\n\n<div class=\"bde-icon-box-22-110 bde-icon-box\">\n\n    \n            <div class=\"ee-iconbox-icon breakdance-icon-atom\" >\n    \n                    <svg xmlns=\"http:\/\/www.w3.org\/2000\/svg\" width=\"32\" height=\"32\" fill=\"#000000\" viewbox=\"0 0 256 256\"><path d=\"M128,66a38,38,0,1,0,38,38A38,38,0,0,0,128,66Zm0,64a26,26,0,1,1,26-26A26,26,0,0,1,128,130Zm0-112a86.1,86.1,0,0,0-86,86c0,30.91,14.34,63.74,41.47,94.94a252.32,252.32,0,0,0,41.09,38,6,6,0,0,0,6.88,0,252.32,252.32,0,0,0,41.09-38c27.13-31.2,41.47-64,41.47-94.94A86.1,86.1,0,0,0,128,18Zm0,206.51C113,212.93,54,163.62,54,104a74,74,0,0,1,148,0C202,163.62,143,212.93,128,224.51Z\"\/><\/svg>\n        \n        \n        \n            <\/div>\n    \n\n<div class=\"ee-iconbox-content\">\n      <h3 class=\"ee-iconbox-title bde-h3\" >Adresse<\/h3>\n      <\/div>\n\n<\/div><div class=\"bde-rich-text-22-165 bde-rich-text breakdance-rich-text-styles\">\n<p><strong>ilogs healthcare GmbH<\/strong><br \/>Couronne Place 1\/ Top 2<br \/>A-9020 Klagenfurt am W\u00f6rthersee (Autriche)<br \/>AUTRICHE \/ AUSTRIA<strong><br \/><\/strong><\/p>\n<\/div>\n<\/div><div class=\"bde-column-22-166 bde-column\">\n  \n  \n\t\n\n\n\n<div class=\"bde-icon-box-22-167 bde-icon-box\">\n\n    \n            <div class=\"ee-iconbox-icon breakdance-icon-atom\" >\n    \n                    <svg xmlns=\"http:\/\/www.w3.org\/2000\/svg\" width=\"32\" height=\"32\" fill=\"#000000\" viewbox=\"0 0 256 256\"><path d=\"M159.11,142.13a38,38,0,1,0-46.22,0A65.75,65.75,0,0,0,83.2,164.4a6,6,0,0,0,9.6,7.2,54,54,0,0,1,86.4,0,6,6,0,0,0,9.6-7.2A65.75,65.75,0,0,0,159.11,142.13ZM110,112a26,26,0,1,1,26,26A26,26,0,0,1,110,112Zm98-86H64A14,14,0,0,0,50,40V66H32a6,6,0,0,0,0,12H50v44H32a6,6,0,0,0,0,12H50v44H32a6,6,0,0,0,0,12H50v26a14,14,0,0,0,14,14H208a14,14,0,0,0,14-14V40A14,14,0,0,0,208,26Zm2,190a2,2,0,0,1-2,2H64a2,2,0,0,1-2-2V40a2,2,0,0,1,2-2H208a2,2,0,0,1,2,2Z\"\/><\/svg>\n        \n        \n        \n            <\/div>\n    \n\n<div class=\"ee-iconbox-content\">\n      <h3 class=\"ee-iconbox-title bde-h3\" >Contact<\/h3>\n      <\/div>\n\n<\/div><div class=\"bde-rich-text-22-169 bde-rich-text breakdance-rich-text-styles\">\n<p>T\u00e9l\u00e9phone : <strong>+43 463 305 003 0<\/strong><strong><br \/><br \/><\/strong>Heures de support : <br \/><strong>Lundi - jeudi : 8.00 - 12.00 et 13.00 - 16.30<br \/>Vendredi : 8h00 - 12h00 et 13h00 - 15h00<\/strong><\/p>\n<\/div>\n<\/div><\/div><div class=\"bde-google-map-22-112 bde-google-map\">\n\r\n<iframe width=\"100%\" height=\"100%\" style=\"border:0\" loading=\"lazy\" title=\"ilogs healthcare GmbH\" src=\"https:\/\/maps.google.com\/maps?q=Krone+Platz+1+%2C+Klagenfurt&t=m&z=17&output=embed&iwloc=near\" allowfullscreen><\/iframe>\n\n<\/div><\/div>\n<\/section><section class=\"bde-section-22-115 bde-section\">\n  \n  \n\t\n\n\n\n<div class=\"section-container\"><h2 class=\"bde-heading-22-170 bde-heading\">\nilogs international\n<\/h2><div class=\"bde-advanced-tabs-22-116 bde-advanced-tabs\">\n\n\n        \n  \n  \n  <div class=\"bde-tabs__tabslist-container bde-tabs__tabslist-container--scrollable is-horizontal js-tabs-container\">\n    <div class=\"bde-tabs__tabslist bde-tabs__tabslist--tabs js-tablist\" role=\"tablist\" aria-label=\"Onglets de contenu\" aria-orientation=\"horizontal\" data-tabs-id=\"bde-advanced-tabs-22-116\">\n      \n              <button role=\"tab\" aria-selected=\"false\" class=\"bde-tabs__tab js-tab\" aria-controls=\"tab-panel-bde-advanced-tabs-22-116-1\" id=\"tab-bde-advanced-tabs-22-116-1\" data-value=\"1\">\n                    <span class=\"bde-tabs__tab-title\">Allemagne<\/span>\n        <\/button>\n              <button role=\"tab\" aria-selected=\"false\" class=\"bde-tabs__tab js-tab\" aria-controls=\"tab-panel-bde-advanced-tabs-22-116-2\" id=\"tab-bde-advanced-tabs-22-116-2\" data-value=\"2\">\n                    <span class=\"bde-tabs__tab-title\">Suisse<\/span>\n        <\/button>\n              <button role=\"tab\" aria-selected=\"false\" class=\"bde-tabs__tab js-tab\" aria-controls=\"tab-panel-bde-advanced-tabs-22-116-3\" id=\"tab-bde-advanced-tabs-22-116-3\" data-value=\"3\">\n                    <span class=\"bde-tabs__tab-title\">Pays-Bas \/ Benelux<\/span>\n        <\/button>\n              <button role=\"tab\" aria-selected=\"false\" class=\"bde-tabs__tab js-tab\" aria-controls=\"tab-panel-bde-advanced-tabs-22-116-4\" id=\"tab-bde-advanced-tabs-22-116-4\" data-value=\"4\">\n                    <span class=\"bde-tabs__tab-title\">Royaume-Uni<\/span>\n        <\/button>\n          <\/div>\n  <\/div>\n\n<div class=\"bde-tabs-content-container\">\n  <div class=\"bde-advanced-tabs-content-22-125 bde-advanced-tabs-content\">\n<div tabindex=\"0\" role=\"tabpanel\" class=\"bde-tabs__panel js-panel\" id=\"\" aria-labelledby=\"\">\n  <div class=\"bde-tabs__panel-content\">\n    <div class=\"bde-columns-22-126 bde-columns\"><div class=\"bde-column-22-127 bde-column\">\n  \n  \n\t\n\n\n\n<h5 class=\"bde-heading-22-128 bde-heading\">\nAllemagne\n<\/h5><div class=\"bde-rich-text-22-129 bde-rich-text breakdance-rich-text-styles\">\n<p>T\u00e9l\u00e9phone : <strong>+49 89 54 19 60 43 0<\/strong><\/p>\n<p>Heures de support : <br \/><strong>Lundi - jeudi : 8.00 - 12.00 et 13.00 - 16.30<br \/>Vendredi : 8h00 - 12h00 et 13h00 - 15h00<\/strong><\/p>\n<\/div><div class=\"bde-rich-text-22-130 bde-rich-text breakdance-rich-text-styles\">\n<p><strong>ilogs healthcare GmbH<\/strong><br \/>8, place Konrad-Zuse <br \/>81829 Munich<br \/>ALLEMAGNE<strong><br \/><\/strong><\/p>\n<\/div>\n<\/div><div class=\"bde-column-22-131 bde-column\">\n  \n  \n\t\n\n\n\n<div class=\"bde-google-map-22-132 bde-google-map\">\n\r\n<iframe width=\"100%\" height=\"100%\" style=\"border:0\" loading=\"lazy\" title=\"Carte\" src=\"https:\/\/maps.google.com\/maps?q=Konrad-Zuse-Platz+8%3Cbr%3E81829+M%C3%BCnchen&t=m&z=13&output=embed&iwloc=near\" allowfullscreen><\/iframe>\n\n<\/div>\n<\/div><\/div>\n  <\/div>\n<\/div>\n\n<\/div><div class=\"bde-advanced-tabs-content-22-133 bde-advanced-tabs-content\">\n<div tabindex=\"0\" role=\"tabpanel\" class=\"bde-tabs__panel js-panel\" id=\"\" aria-labelledby=\"\">\n  <div class=\"bde-tabs__panel-content\">\n    <div class=\"bde-columns-22-134 bde-columns\"><div class=\"bde-column-22-135 bde-column\">\n  \n  \n\t\n\n\n\n<h5 class=\"bde-heading-22-136 bde-heading\">\nSuisse\n<\/h5><div class=\"bde-rich-text-22-137 bde-rich-text breakdance-rich-text-styles\">\n<p>T\u00e9l\u00e9phone : <strong>+41 44 79 73 58 0<\/strong><\/p>\n<p>Heures de support : <br \/><strong>Lundi - jeudi : 8.00 - 12.00 et 13.00 - 16.30<br \/>Vendredi : 8h00 - 12h00 et 13h00 - 15h00<\/strong><\/p>\n<\/div><div class=\"bde-rich-text-22-138 bde-rich-text breakdance-rich-text-styles\">\n<p><strong>ilogs healthcare GmbH<\/strong><br \/>Rue du Couloir 30<br \/>8048 Zurich<br \/>SUISSE<\/p>\n<\/div>\n<\/div><div class=\"bde-column-22-139 bde-column\">\n  \n  \n\t\n\n\n\n<div class=\"bde-google-map-22-140 bde-google-map\">\n\r\n<iframe width=\"100%\" height=\"100%\" style=\"border:0\" loading=\"lazy\" title=\"Carte\" src=\"https:\/\/maps.google.com\/maps?q=ILOGS%2C+Flurstrasse+30%2C+8048+Z%C3%BCrich%2C+Schweiz%3Cbr%3E&t=m&z=13&output=embed&iwloc=near\" allowfullscreen><\/iframe>\n\n<\/div>\n<\/div><\/div>\n  <\/div>\n<\/div>\n\n<\/div><div class=\"bde-advanced-tabs-content-22-141 bde-advanced-tabs-content\">\n<div tabindex=\"0\" role=\"tabpanel\" class=\"bde-tabs__panel js-panel\" id=\"\" aria-labelledby=\"\">\n  <div class=\"bde-tabs__panel-content\">\n    <div class=\"bde-columns-22-142 bde-columns\"><div class=\"bde-column-22-143 bde-column\">\n  \n  \n\t\n\n\n\n<h5 class=\"bde-heading-22-144 bde-heading\">\nPays-Bas, Belgique, Luxembourg\n<\/h5><div class=\"bde-rich-text-22-145 bde-rich-text breakdance-rich-text-styles\">\n<p>T\u00e9l\u00e9phone : <strong>+31 <span class=\"ui-provider a b c d e f g h i j k l m n o p q r s t u v w x y z ab ac ae af ag ah ai aj ak\" dir=\"ltr\"> 70 262 125 0<\/span><\/strong><\/p>\n<p>Heures de support : <br \/><strong>Lundi - jeudi : 8.00 - 12.00 et 13.00 - 16.30<br \/>Vendredi : 8h00 - 12h00 et 13h00 - 15h00<\/strong><\/p>\n<\/div><div class=\"bde-rich-text-22-146 bde-rich-text breakdance-rich-text-styles\">\n<p><strong>JAMES Benelux<\/strong><br \/>Bo\u00eete A9218<br \/>Ou 20<br \/>2491DC La Haye<br \/>PAYS-BAS<strong><br \/><\/strong><\/p>\n<\/div>\n<\/div><div class=\"bde-column-22-147 bde-column\">\n  \n  \n\t\n\n\n\n<div class=\"bde-google-map-22-148 bde-google-map\">\n\r\n<iframe width=\"100%\" height=\"100%\" style=\"border:0\" loading=\"lazy\" title=\"Carte\" src=\"https:\/\/maps.google.com\/maps?q=Oder+20%2C+2491+DC+Den+Haag%2C+Niederlande&t=m&z=13&output=embed&iwloc=near\" allowfullscreen><\/iframe>\n\n<\/div>\n<\/div><\/div>\n  <\/div>\n<\/div>\n\n<\/div><div class=\"bde-advanced-tabs-content-22-149 bde-advanced-tabs-content\">\n<div tabindex=\"0\" role=\"tabpanel\" class=\"bde-tabs__panel js-panel\" id=\"\" aria-labelledby=\"\">\n  <div class=\"bde-tabs__panel-content\">\n    <div class=\"bde-columns-22-150 bde-columns\"><div class=\"bde-column-22-151 bde-column\">\n  \n  \n\t\n\n\n\n<h5 class=\"bde-heading-22-152 bde-heading\">\nRoyaume-Uni\n<\/h5><div class=\"bde-rich-text-22-153 bde-rich-text breakdance-rich-text-styles\">\n<p>T\u00e9l\u00e9phone : <strong>+44 120 290 673 0<\/strong><\/p>\n<p>Heures de support : <br \/><strong>Lundi - jeudi : 8.00 - 12.00 et 13.00 - 16.30<br \/>Vendredi : 8h00 - 12h00 et 13h00 - 15h00<\/strong><\/p>\n<\/div><div class=\"bde-rich-text-22-154 bde-rich-text breakdance-rich-text-styles\">\n<p><strong>ILOGS UK<br \/><\/strong>4e \u00e9tage<br \/>Maison St James<br \/>Place St James<br \/>Cheltenham GL50 3PR<br \/>Royaume-Uni<\/p>\n<\/div>\n<\/div><div class=\"bde-column-22-155 bde-column\">\n  \n  \n\t\n\n\n\n<div class=\"bde-google-map-22-156 bde-google-map\">\n\r\n<iframe width=\"100%\" height=\"100%\" style=\"border:0\" loading=\"lazy\" title=\"Carte\" src=\"https:\/\/maps.google.com\/maps?q=St+James+Square%3Cbr%3ECheltenham+GL50+3PR%3Cbr%3EUnited+Kingdom%3Cbr%3E&t=m&z=13&output=embed&iwloc=near\" allowfullscreen><\/iframe>\n\n<\/div>\n<\/div><\/div>\n  <\/div>\n<\/div>\n\n<\/div><div class=\"bde-advanced-tabs-content-22-157 bde-advanced-tabs-content\">\n<div tabindex=\"0\" role=\"tabpanel\" class=\"bde-tabs__panel js-panel\" id=\"\" aria-labelledby=\"\">\n  <div class=\"bde-tabs__panel-content\">\n    <h3 class=\"bde-heading-22-158 bde-heading\">\nOnglet Contenu\n<\/h3><div class=\"bde-text-22-159 bde-text\">\nIl s'agit d'un \u00e9l\u00e9ment de texte de base.\n<\/div>\n  <\/div>\n<\/div>\n\n<\/div>\n<\/div>\n\n\n<\/div><\/div>\n<\/section>","protected":false},"excerpt":{"rendered":"<p>Contact ilogs healthcare Autriche, si\u00e8ge social Adresse ilogs healthcare GmbHKrone Platz 1\/ Top 2A-9020 Klagenfurt am W\u00f6rthersee\u00d6STERREICH \/ AUSTRIA Contact T\u00e9l\u00e9phone : +43 463 305 003 0Horaires d'assistance : Du lundi au jeudi : de 8 h \u00e0 12 h et de 13 h \u00e0 16 h 30 Vendredi : de 8 h \u00e0 12 h et de 13 h \u00e0 15 h ilogs international Allemagne Suisse Pays-Bas \/ Benelux Royaume-Uni Allemagne T\u00e9l\u00e9phone : +49 89 [\u2026]<\/p>","protected":false},"author":1,"featured_media":0,"parent":0,"menu_order":0,"comment_status":"closed","ping_status":"closed","template":"","meta":{"_breakdance_hide_in_design_set":false,"_breakdance_tags":"","footnotes":""},"class_list":["post-22","page","type-page","status-publish","hentry"],"_links":{"self":[{"href":"https:\/\/ilogs.care\/fr\/wp-json\/wp\/v2\/pages\/22","targetHints":{"allow":["GET"]}}],"collection":[{"href":"https:\/\/ilogs.care\/fr\/wp-json\/wp\/v2\/pages"}],"about":[{"href":"https:\/\/ilogs.care\/fr\/wp-json\/wp\/v2\/types\/page"}],"author":[{"embeddable":true,"href":"https:\/\/ilogs.care\/fr\/wp-json\/wp\/v2\/users\/1"}],"replies":[{"embeddable":true,"href":"https:\/\/ilogs.care\/fr\/wp-json\/wp\/v2\/comments?post=22"}],"version-history":[{"count":5,"href":"https:\/\/ilogs.care\/fr\/wp-json\/wp\/v2\/pages\/22\/revisions"}],"predecessor-version":[{"id":399,"href":"https:\/\/ilogs.care\/fr\/wp-json\/wp\/v2\/pages\/22\/revisions\/399"}],"wp:attachment":[{"href":"https:\/\/ilogs.care\/fr\/wp-json\/wp\/v2\/media?parent=22"}],"curies":[{"name":"wp","href":"https:\/\/api.w.org\/{rel}","templated":true}]}}