{"id":412,"date":"2025-11-18T13:47:47","date_gmt":"2025-11-18T13:47:47","guid":{"rendered":"https:\/\/ilogs.care\/?page_id=412"},"modified":"2025-11-19T13:39:16","modified_gmt":"2025-11-19T13:39:16","slug":"james-app","status":"publish","type":"page","link":"https:\/\/ilogs.care\/en\/produkte\/james-app\/","title":{"rendered":"JAMES App"},"content":{"rendered":"<section class=\"bde-section-412-100 bde-section\">\n  \n  \n\t\n\n\n\n<div class=\"section-container\"><h1 class=\"bde-heading-412-101 bde-heading\">\nJAMES\u00ae app\n<\/h1><\/div>\n<\/section><section class=\"bde-section-412-109 bde-section\">\n  \n  \n\t\n\n\n\n<div class=\"section-container\"><div class=\"bde-columns-412-111 bde-columns\"><div class=\"bde-column-412-114 bde-column\">\n  \n  \n\t\n\n\n\n<div class=\"bde-rich-text-412-217 bde-rich-text breakdance-rich-text-styles\">\n<h2 dir=\"auto\">The app for relatives: digital closeness and transparency in care<\/h2><p dir=\"auto\">The JAMES\u00ae app for relatives is a user-friendly mobile application (available for iOS and Android) that seamlessly integrates family members into the professional care network. It enables real-time communication, optional access to vital data and status messages \u2013 all in compliance with data protection regulations and fully integrated into the JAMES\u00ae TeleCare platform. As a B2B solution, the app supports organisations such as home emergency call services, care facilities and social service providers in strengthening customer loyalty, streamlining processes and offering new, billable service packages \u2013 scalable, white label-compatible and GDPR-compliant.<\/p>\n<\/div>\n<\/div><div class=\"bde-column-412-112 bde-column\">\n  \n  \n\t\n\n\n\n<div class=\"bde-image-412-113 bde-image\">\n<figure class=\"breakdance-image breakdance-image--291\">\n\t<div class=\"breakdance-image-container\">\n\t\t<div class=\"breakdance-image-clip\"><img loading=\"lazy\" decoding=\"async\" class=\"breakdance-image-object\" src=\"https:\/\/ilogs.care\/wp-content\/uploads\/2025\/10\/JAMES_app_phone3.webp\" width=\"1146\" height=\"2439\" srcset=\"https:\/\/ilogs.care\/wp-content\/uploads\/2025\/10\/JAMES_app_phone3.webp 1146w, https:\/\/ilogs.care\/wp-content\/uploads\/2025\/10\/JAMES_app_phone3-141x300.webp 141w, https:\/\/ilogs.care\/wp-content\/uploads\/2025\/10\/JAMES_app_phone3-481x1024.webp 481w, https:\/\/ilogs.care\/wp-content\/uploads\/2025\/10\/JAMES_app_phone3-768x1635.webp 768w, https:\/\/ilogs.care\/wp-content\/uploads\/2025\/10\/JAMES_app_phone3-722x1536.webp 722w, https:\/\/ilogs.care\/wp-content\/uploads\/2025\/10\/JAMES_app_phone3-962x2048.webp 962w, https:\/\/ilogs.care\/wp-content\/uploads\/2025\/10\/JAMES_app_phone3-6x12.webp 6w\" sizes=\"auto, (max-width: 1146px) 100vw, 1146px\"><\/div>\n\t<\/div><\/figure>\n\n<\/div>\n<\/div><\/div><\/div>\n<\/section><section class=\"bde-section-412-116 bde-section\">\n  \n  \n\t\n\n\n\n<div class=\"section-container\"><h2 class=\"bde-heading-412-119 bde-heading\">\nInternationally applicable &amp; scalable\n<\/h2><div class=\"bde-columns-412-117 bde-columns\"><div class=\"bde-column-412-121 bde-column\">\n  \n  \n\t\n\n\n\n<div class=\"bde-image-412-122 bde-image\">\n<figure class=\"breakdance-image breakdance-image--365\">\n\t<div class=\"breakdance-image-container\">\n\t\t<div class=\"breakdance-image-clip\"><img loading=\"lazy\" decoding=\"async\" class=\"breakdance-image-object\" src=\"https:\/\/ilogs.care\/wp-content\/uploads\/2025\/10\/ilogs_europe.webp\" width=\"1213\" height=\"1680\" srcset=\"https:\/\/ilogs.care\/wp-content\/uploads\/2025\/10\/ilogs_europe.webp 1213w, https:\/\/ilogs.care\/wp-content\/uploads\/2025\/10\/ilogs_europe-217x300.webp 217w, https:\/\/ilogs.care\/wp-content\/uploads\/2025\/10\/ilogs_europe-739x1024.webp 739w, https:\/\/ilogs.care\/wp-content\/uploads\/2025\/10\/ilogs_europe-768x1064.webp 768w, https:\/\/ilogs.care\/wp-content\/uploads\/2025\/10\/ilogs_europe-1109x1536.webp 1109w, https:\/\/ilogs.care\/wp-content\/uploads\/2025\/10\/ilogs_europe-9x12.webp 9w\" sizes=\"auto, (max-width: 1213px) 100vw, 1213px\"><\/div>\n\t<\/div><\/figure>\n\n<\/div>\n<\/div><div class=\"bde-column-412-118 bde-column\">\n  \n  \n\t\n\n\n\n<div class=\"bde-text-412-120 bde-text\">\nThe JAMES\u00ae app is multilingual, multi-client capable and is already being used successfully in Austria, Germany, Switzerland, Spain, the United Kingdom, the Netherlands, Poland and Belgium \u2013 with thousands of active users. Open APIs allow it to be flexibly integrated into existing systems (CRM, ERP, billing) and it is just as suitable for small organisations as it is for large, international networks.\n<\/div>\n<\/div><\/div><div class=\"bde-fancy-container-412-179 bde-fancy-container\">\n  \n  \n\t\n\n\n\n<div class=\"bde-div-412-180 bde-div\">\n  \n  \n\t\n\n\n\n<h4 class=\"bde-heading-412-181 bde-heading\">\nInnovations\n<\/h4><div class=\"bde-blockquote-412-195 bde-blockquote\">\n      <p class=\"inline-text_blockquote-icon\"><span class=\"blockquote-icon\"><svg xmlns=\"http:\/\/www.w3.org\/2000\/svg\" viewbox=\"0 0 448 512\"><!--! Font Awesome Free 6.5.1 by @fontawesome - https:\/\/fontawesome.com License - https:\/\/fontawesome.com\/license\/free (Icons: CC BY 4.0, Fonts: SIL OFL 1.1, Code: MIT License) Copyright 2023 Fonticons, Inc. --><path d=\"M246.6 41.4c-12.5-12.5-32.8-12.5-45.3 0l-160 160c-12.5 12.5-12.5 32.8 0 45.3s32.8 12.5 45.3 0L224 109.3 361.4 246.6c12.5 12.5 32.8 12.5 45.3 0s12.5-32.8 0-45.3l-160-160zm160 352l-160-160c-12.5-12.5-32.8-12.5-45.3 0l-160 160c-12.5 12.5-12.5 32.8 0 45.3s32.8 12.5 45.3 0L224 301.3 361.4 438.6c12.5 12.5 32.8 12.5 45.3 0s12.5-32.8 0-45.3z\"\/><\/svg><\/span>Protect - and think ahead<\/p>\n  \n<\/div><div class=\"bde-rich-text-412-128 bde-rich-text breakdance-rich-text-styles\">\n<p class=\"whitespace-normal break-words\">JAMES watches are based on a consistently advanced software and hardware concept. The focus is on the in-house development of the system software by the ilogs team: individually programmed firmware, stable OTA updates (over-the-air), configurable user interfaces and seamless connection to the James TeleCare platform and call centres.<\/p><p class=\"whitespace-normal break-words\"><strong>The innovative functions include<\/strong><\/p><ul class=\"[&amp;:not(:last-child)_ul]:pb-1 [&amp;:not(:last-child)_ol]:pb-1 list-disc space-y-1.5 pl-7\"><li class=\"whitespace-normal break-words\">Two-way voice communication with alarm centre or relatives<\/li><li class=\"whitespace-normal break-words\">GPS+LBS+WLAN localisation for precise location determination - even indoors<\/li><li class=\"whitespace-normal break-words\">Fall detection with algorithmic intelligence<\/li><li class=\"whitespace-normal break-words\">Vital parameter integration (heart rate, movement, sleep)<\/li><li class=\"whitespace-normal break-words\">SMS fallback in the event of network loss - automated emergency message via SMS to defined contacts<\/li><li class=\"whitespace-normal break-words\">Geofencing options for runaway protection (dementia care)<\/li><li class=\"whitespace-normal break-words\">Silent monitoring &amp; remote configuration for carers &amp; administrators<\/li><\/ul><p class=\"whitespace-normal break-words\">These functions are not static, but can be expanded on an ongoing basis. ilogs maintains a continuous software development cycle with feature updates, security patches and improvements based on customer feedback and research.<\/p>\n<\/div>\n<\/div><div class=\"bde-div-412-183 bde-div\">\n  \n  \n\t\n\n\n\n<h4 class=\"bde-heading-412-184 bde-heading\">\nProven and sustainable\n<\/h4><div class=\"bde-blockquote-412-196 bde-blockquote\">\n      <p class=\"inline-text_blockquote-icon\"><span class=\"blockquote-icon\"><svg xmlns=\"http:\/\/www.w3.org\/2000\/svg\" viewbox=\"0 0 448 512\"><!--! Font Awesome Free 6.5.1 by @fontawesome - https:\/\/fontawesome.com License - https:\/\/fontawesome.com\/license\/free (Icons: CC BY 4.0, Fonts: SIL OFL 1.1, Code: MIT License) Copyright 2023 Fonticons, Inc. --><path d=\"M246.6 41.4c-12.5-12.5-32.8-12.5-45.3 0l-160 160c-12.5 12.5-12.5 32.8 0 45.3s32.8 12.5 45.3 0L224 109.3 361.4 246.6c12.5 12.5 32.8 12.5 45.3 0s12.5-32.8 0-45.3l-160-160zm160 352l-160-160c-12.5-12.5-32.8-12.5-45.3 0l-160 160c-12.5 12.5-12.5 32.8 0 45.3s32.8 12.5 45.3 0L224 301.3 361.4 438.6c12.5 12.5 32.8 12.5 45.3 0s12.5-32.8 0-45.3z\"\/><\/svg><\/span>10 years of experience<\/p>\n  \n<\/div><div class=\"bde-rich-text-412-132 bde-rich-text breakdance-rich-text-styles\">\n<p class=\"whitespace-normal break-words\">With its \u201eJAMES emergency watches\" product line, ilogs can look back on over a decade of successful development, implementation and further development. While many competitors market short-term hardware solutions, ilogs pursues a sustainable platform approach: long-lasting devices, expandable software, compatible infrastructure.<\/p><p class=\"whitespace-normal break-words\"><strong>At ilogs, sustainability means:<\/strong><\/p><ul class=\"[&amp;:not(:last-child)_ul]:pb-1 [&amp;:not(:last-child)_ol]:pb-1 list-disc space-y-1.5 pl-7\"><li class=\"whitespace-normal break-words\">Device generations with a long product service life<\/li><li class=\"whitespace-normal break-words\">Repairability &amp; updatability for years to come<\/li><li class=\"whitespace-normal break-words\">Reduction of disposable hardware through reuse<\/li><li class=\"whitespace-normal break-words\">Energy-saving designs and optimised charging cycles<\/li><li class=\"whitespace-normal break-words\">Modularity to grow with changing user needs<\/li><\/ul><p class=\"whitespace-normal break-words\">This philosophy makes JAMES a sustainable solution - economically and ecologically.<\/p>\n<\/div>\n<\/div><div class=\"bde-div-412-197 bde-div\">\n  \n  \n\t\n\n\n\n<h4 class=\"bde-heading-412-198 bde-heading\">\nExpertise\n<\/h4><div class=\"bde-blockquote-412-199 bde-blockquote\">\n      <p class=\"inline-text_blockquote-icon\"><span class=\"blockquote-icon\"><svg xmlns=\"http:\/\/www.w3.org\/2000\/svg\" viewbox=\"0 0 448 512\"><!--! Font Awesome Free 6.5.1 by @fontawesome - https:\/\/fontawesome.com License - https:\/\/fontawesome.com\/license\/free (Icons: CC BY 4.0, Fonts: SIL OFL 1.1, Code: MIT License) Copyright 2023 Fonticons, Inc. --><path d=\"M246.6 41.4c-12.5-12.5-32.8-12.5-45.3 0l-160 160c-12.5 12.5-12.5 32.8 0 45.3s32.8 12.5 45.3 0L224 109.3 361.4 246.6c12.5 12.5 32.8 12.5 45.3 0s12.5-32.8 0-45.3l-160-160zm160 352l-160-160c-12.5-12.5-32.8-12.5-45.3 0l-160 160c-12.5 12.5-12.5 32.8 0 45.3s32.8 12.5 45.3 0L224 301.3 361.4 438.6c12.5 12.5 32.8 12.5 45.3 0s12.5-32.8 0-45.3z\"\/><\/svg><\/span>Software at first hand<\/p>\n  \n<\/div><div class=\"bde-rich-text-412-138 bde-rich-text breakdance-rich-text-styles\">\n<p class=\"whitespace-normal break-words\">What makes ilogs special is not just the hardware, but the deep IT expertise behind it. As a software company specialising in eHealth, IoT and security solutions, ilogs develops all platform components, communication interfaces and device software in-house.<\/p><p class=\"whitespace-normal break-words\"><strong>This allows:<\/strong><\/p><ul class=\"[&amp;:not(:last-child)_ul]:pb-1 [&amp;:not(:last-child)_ol]:pb-1 list-disc space-y-1.5 pl-7\"><li class=\"whitespace-normal break-words\">Customised adaptations for partners (white label)<\/li><li class=\"whitespace-normal break-words\">Fast reactions to market changes<\/li><li class=\"whitespace-normal break-words\">Full control over data protection &amp; data security<\/li><li class=\"whitespace-normal break-words\">Integrations with third-party providers &amp; call centres<\/li><li class=\"whitespace-normal break-words\">Seamless linking with other James products (tablet, family app, sales tools)<\/li><\/ul>\n<\/div>\n<\/div><div class=\"bde-div-412-202 bde-div\">\n  \n  \n\t\n\n\n\n<h4 class=\"bde-heading-412-203 bde-heading\">\nPioneering\n<\/h4><div class=\"bde-blockquote-412-204 bde-blockquote\">\n      <p class=\"inline-text_blockquote-icon\"><span class=\"blockquote-icon\"><svg xmlns=\"http:\/\/www.w3.org\/2000\/svg\" viewbox=\"0 0 448 512\"><!--! Font Awesome Free 6.5.1 by @fontawesome - https:\/\/fontawesome.com License - https:\/\/fontawesome.com\/license\/free (Icons: CC BY 4.0, Fonts: SIL OFL 1.1, Code: MIT License) Copyright 2023 Fonticons, Inc. --><path d=\"M246.6 41.4c-12.5-12.5-32.8-12.5-45.3 0l-160 160c-12.5 12.5-12.5 32.8 0 45.3s32.8 12.5 45.3 0L224 109.3 361.4 246.6c12.5 12.5 32.8 12.5 45.3 0s12.5-32.8 0-45.3l-160-160zm160 352l-160-160c-12.5-12.5-32.8-12.5-45.3 0l-160 160c-12.5 12.5-12.5 32.8 0 45.3s32.8 12.5 45.3 0L224 301.3 361.4 438.6c12.5 12.5 32.8 12.5 45.3 0s12.5-32.8 0-45.3z\"\/><\/svg><\/span>Bring Your Own Device (BYOD)<\/p>\n  \n<\/div><div class=\"bde-rich-text-412-144 bde-rich-text breakdance-rich-text-styles\">\n<p class=\"whitespace-normal break-words\">The JAMES platform from Ilogs is not only designed for your own watches, but also for an open future. With the Bring Your Own Device (BYOD) approach, third-party devices such as smartwatches, smart rings or smartphones can also be integrated into the security system in future - while retaining all alarm, communication and localisation functions.<\/p><p class=\"whitespace-normal break-words\"><strong>This means:<\/strong> Organisations and users are given maximum flexibility in their choice of end devices - without having to forego the proven security and platform integration of JAMES.<\/p>\n<\/div>\n<\/div><div class=\"bde-div-412-206 bde-div\">\n  \n  \n\t\n\n\n\n<h4 class=\"bde-heading-412-207 bde-heading\">\nElegant design\n<\/h4><div class=\"bde-blockquote-412-208 bde-blockquote\">\n      <p class=\"inline-text_blockquote-icon\"><span class=\"blockquote-icon\"><svg xmlns=\"http:\/\/www.w3.org\/2000\/svg\" viewbox=\"0 0 448 512\"><!--! Font Awesome Free 6.5.1 by @fontawesome - https:\/\/fontawesome.com License - https:\/\/fontawesome.com\/license\/free (Icons: CC BY 4.0, Fonts: SIL OFL 1.1, Code: MIT License) Copyright 2023 Fonticons, Inc. --><path d=\"M246.6 41.4c-12.5-12.5-32.8-12.5-45.3 0l-160 160c-12.5 12.5-12.5 32.8 0 45.3s32.8 12.5 45.3 0L224 109.3 361.4 246.6c12.5 12.5 32.8 12.5 45.3 0s12.5-32.8 0-45.3l-160-160zm160 352l-160-160c-12.5-12.5-32.8-12.5-45.3 0l-160 160c-12.5 12.5-12.5 32.8 0 45.3s32.8 12.5 45.3 0L224 301.3 361.4 438.6c12.5 12.5 32.8 12.5 45.3 0s12.5-32.8 0-45.3z\"\/><\/svg><\/span>Intuitive &amp; age-appropriate<\/p>\n  \n<\/div><div class=\"bde-rich-text-412-150 bde-rich-text breakdance-rich-text-styles\">\n<p class=\"whitespace-normal break-words\">An emergency watch should be functional - but also want to be worn. The JAMES watches combine technology and style: modern, slim design, easy-to-read display, intuitive buttons, simple operation - specially developed for the needs of older people or people with limited motor skills.<\/p><p class=\"whitespace-normal break-words\"><strong>Advantages for end users:<\/strong><\/p><ul class=\"[&amp;:not(:last-child)_ul]:pb-1 [&amp;:not(:last-child)_ol]:pb-1 list-disc space-y-1.5 pl-7\"><li class=\"whitespace-normal break-words\">Wearing comfort &amp; suitability for everyday use<\/li><li class=\"whitespace-normal break-words\">Clear interface with large icons<\/li><li class=\"whitespace-normal break-words\">Visually appealing - not stigmatising<\/li><li class=\"whitespace-normal break-words\">Waterproof (IP67), robust but lightweight<\/li><li class=\"whitespace-normal break-words\">Customisable dials &amp; menu navigation<\/li><\/ul><p class=\"whitespace-normal break-words\">This user-friendliness promotes acceptance among end customers and minimises training costs for organisations.<\/p>\n<\/div>\n<\/div><div class=\"bde-div-412-210 bde-div\">\n  \n  \n\t\n\n\n\n<h4 class=\"bde-heading-412-211 bde-heading\">\nSecurity at all levels\n<\/h4><div class=\"bde-rich-text-412-156 bde-rich-text breakdance-rich-text-styles\">\n<p class=\"whitespace-normal break-words\">JAMES emergency call watches offer redundant safety functions that go far beyond the standard of conventional systems:<\/p><ul class=\"[&amp;:not(:last-child)_ul]:pb-1 [&amp;:not(:last-child)_ol]:pb-1 list-disc space-y-1.5 pl-7\"><li class=\"whitespace-normal break-words\">SMS fallback if no data connection is available<\/li><li class=\"whitespace-normal break-words\">Locally cached alarms that are automatically transmitted when the power returns<\/li><li class=\"whitespace-normal break-words\">End-to-end encryption of all communication channels<\/li><li class=\"whitespace-normal break-words\">Automatic escalation logic in the event of non-response<\/li><li class=\"whitespace-normal break-words\">Localisation and call forwarding in background mode<\/li><\/ul><p class=\"whitespace-normal break-words\">In combination with the James platform, reliable 24\/7 protection is possible - no matter where the wearer is located.<\/p>\n<\/div>\n<\/div><div class=\"bde-div-412-214 bde-div\">\n  \n  \n\t\n\n\n\n<h4 class=\"bde-heading-412-215 bde-heading\">\nIdeal for organisations &amp; partners\n<\/h4><div class=\"bde-rich-text-412-162 bde-rich-text breakdance-rich-text-styles\">\n<p class=\"whitespace-normal break-words\">The JAMES emergency call watches are fully prepared for integration into professional processes:<\/p><ul class=\"[&amp;:not(:last-child)_ul]:pb-1 [&amp;:not(:last-child)_ol]:pb-1 list-disc space-y-1.5 pl-7\"><li class=\"whitespace-normal break-words\">Connection to call centres (e.g. German Red Cross, ASB, Johanniter, etc.)<\/li><li class=\"whitespace-normal break-words\">Management via web portal &amp; Rest APIs<\/li><li class=\"whitespace-normal break-words\">Status overview, remote maintenance &amp; configuration<\/li><\/ul><p class=\"whitespace-normal break-words\">Whether care organisation, home emergency call provider or security service - the clocks can be integrated into individual workflows and facilitate the management of large user groups.<\/p>\n<\/div>\n<\/div>\n<\/div><h2 class=\"bde-heading-412-167 bde-heading\">\nConclusion\n<\/h2><div class=\"bde-rich-text-412-178 bde-rich-text breakdance-rich-text-styles\">\n<p dir=\"auto\">The JAMES\u00ae app creates genuine digital proximity \u2013 it connects families emotionally and relieves the operational burden on organisations. As an integral part of the JAMES\u00ae TeleCare platform, it positions B2B partners as innovative, customer-oriented service providers in an increasingly networked care landscape. Whether as a supplement to home emergency call systems, in nursing care or in assisted living, the app turns technology into genuine care.<\/p><p dir=\"auto\"><strong>Contact us for a personal demo, white label customisation or integration into your existing systems \u2013 we will support you in partnership during the rollout.<\/strong><\/p>\n<\/div><\/div>\n<\/section><section class=\"bde-section-412-171 bde-section\">\n  \n  \n\t\n\n\n\n<div class=\"section-container\"><div class=\"bde-columns-412-172 bde-columns\"><div class=\"bde-column-412-173 bde-column\">\n  \n  \n\t\n\n\n\n<h2 class=\"bde-heading-412-174 bde-heading\">\nTo the James\u00ae TeleCare platform\n<\/h2>\n<\/div><div class=\"bde-column-412-175 bde-column\">\n  \n  \n\t\n\n\n\n<div class=\"bde-button-412-176 bde-button\">\n    \n                                    \n    \n    \n    \n    \n            \n            <button type=\"button\" class=\"button-atom button-atom--secondary bde-button__button\"  >\n    \n        <span class=\"button-atom__text\">To the platform<\/span>\n\n        \n        \n            <\/button>\n    \n\n\n<\/div>\n<\/div><\/div><h4 class=\"bde-heading-412-177 bde-heading\">\nAll information about our cloud-based platform for professional organisations\n<\/h4><\/div>\n<\/section>","protected":false},"excerpt":{"rendered":"<p>JAMES\u00ae App Die App f\u00fcr Angeh\u00f6rige: Digitale N\u00e4he und Transparenz in der BetreuungDie JAMES\u00ae App f\u00fcr Angeh\u00f6rige ist eine benutzerfreundliche Mobile-Anwendung (verf\u00fcgbar f\u00fcr iOS und Android), die Familienmitglieder nahtlos in das professionelle Betreuungsnetzwerk einbindet. Sie erm\u00f6glicht Echtzeit-Kommunikation, optionalen Zugang zu Vitaldaten und Statusmeldungen \u2013 alles datenschutzkonform und vollst\u00e4ndig integriert in die JAMES\u00ae TeleCare Plattform. Als [&hellip;]<\/p>","protected":false},"author":1,"featured_media":0,"parent":64,"menu_order":0,"comment_status":"closed","ping_status":"closed","template":"","meta":{"_breakdance_hide_in_design_set":false,"_breakdance_tags":"","footnotes":""},"class_list":["post-412","page","type-page","status-publish","hentry"],"_links":{"self":[{"href":"https:\/\/ilogs.care\/en\/wp-json\/wp\/v2\/pages\/412","targetHints":{"allow":["GET"]}}],"collection":[{"href":"https:\/\/ilogs.care\/en\/wp-json\/wp\/v2\/pages"}],"about":[{"href":"https:\/\/ilogs.care\/en\/wp-json\/wp\/v2\/types\/page"}],"author":[{"embeddable":true,"href":"https:\/\/ilogs.care\/en\/wp-json\/wp\/v2\/users\/1"}],"replies":[{"embeddable":true,"href":"https:\/\/ilogs.care\/en\/wp-json\/wp\/v2\/comments?post=412"}],"version-history":[{"count":2,"href":"https:\/\/ilogs.care\/en\/wp-json\/wp\/v2\/pages\/412\/revisions"}],"predecessor-version":[{"id":427,"href":"https:\/\/ilogs.care\/en\/wp-json\/wp\/v2\/pages\/412\/revisions\/427"}],"up":[{"embeddable":true,"href":"https:\/\/ilogs.care\/en\/wp-json\/wp\/v2\/pages\/64"}],"wp:attachment":[{"href":"https:\/\/ilogs.care\/en\/wp-json\/wp\/v2\/media?parent=412"}],"curies":[{"name":"wp","href":"https:\/\/api.w.org\/{rel}","templated":true}]}}